{"id":297,"date":"2025-03-18T17:53:10","date_gmt":"2025-03-18T16:53:10","guid":{"rendered":"https:\/\/hfd-art-therapie.fr\/?page_id=297"},"modified":"2025-03-25T18:58:27","modified_gmt":"2025-03-25T17:58:27","slug":"en-groupe","status":"publish","type":"page","link":"https:\/\/hfd-art-therapie.fr\/index.php\/en-groupe\/","title":{"rendered":"EN GROUPE"},"content":{"rendered":"\n<p class=\"has-black-color has-luminous-vivid-amber-background-color has-text-color has-background has-link-color wp-elements-dbb4ffb832e4b0da260b832d25f03859\"><strong>LES ATELIERS D&rsquo;EXPLORATION CREATIVE<\/strong><\/p>\n\n\n\n<blockquote class=\"wp-block-quote is-layout-flow wp-block-quote-is-layout-flow\">\n<div class=\"wp-block-media-text is-stacked-on-mobile\" style=\"grid-template-columns:40% auto\"><figure class=\"wp-block-media-text__media\"><img loading=\"lazy\" decoding=\"async\" width=\"1024\" height=\"614\" src=\"https:\/\/hfd-art-therapie.fr\/wp-content\/uploads\/2025\/03\/DSCF6706-1024x614.jpg\" alt=\"\" class=\"wp-image-399 size-full\" srcset=\"https:\/\/hfd-art-therapie.fr\/wp-content\/uploads\/2025\/03\/DSCF6706-1024x614.jpg 1024w, https:\/\/hfd-art-therapie.fr\/wp-content\/uploads\/2025\/03\/DSCF6706-300x180.jpg 300w, https:\/\/hfd-art-therapie.fr\/wp-content\/uploads\/2025\/03\/DSCF6706-768x461.jpg 768w, https:\/\/hfd-art-therapie.fr\/wp-content\/uploads\/2025\/03\/DSCF6706-1536x921.jpg 1536w, https:\/\/hfd-art-therapie.fr\/wp-content\/uploads\/2025\/03\/DSCF6706-2048x1229.jpg 2048w\" sizes=\"auto, (max-width: 1024px) 100vw, 1024px\" \/><\/figure><div class=\"wp-block-media-text__content\">\n<p class=\"has-small-font-size\">\u00ab J\u2019adore la couture, mais je ne sors jamais ma machine\u2026\u00bb<br>\u00ab J\u2019aurais aim\u00e9 essayer l\u2019aquarelle, mais qui a le temps pour \u00e7a ? \u00bb<br>\u00ab Chez moi, il y a toujours une machine \u00e0 faire tourner ou des papiers \u00e0 trier\u2026 \u00bb<\/p>\n<\/div><\/div>\n<\/blockquote>\n\n\n\n<p class=\"has-black-color has-luminous-vivid-amber-background-color has-text-color has-background has-link-color wp-elements-d9fff5116eb11998cc0d4721ea79dd08\">\ud83c\udf1f Et si vous preniez du temps pour vous, juste pour vous ? \ud83c\udf1f Focus sur nos ateliers d\u2019exploration cr\u00e9ative.<br><br>Dans un monde o\u00f9 nos journ\u00e9es sont rythm\u00e9es, mesur\u00e9es et minut\u00e9es, il est parfois difficile de trouver une bulle d\u2019oxyg\u00e8ne. Pourtant, sans ce temps de respiration, l\u2019\u00e9puisement guette, souvent accompagn\u00e9 de ses ins\u00e9parables amis : la \u00ab\u00a0surcharge mentale\u00a0\u00bb et la \u00ab\u00a0d\u00e9pression\u00a0\u00bb.<\/p>\n\n\n\n<div class=\"wp-block-columns is-layout-flex wp-container-core-columns-is-layout-9d6595d7 wp-block-columns-is-layout-flex\">\n<div class=\"wp-block-column is-layout-flow wp-block-column-is-layout-flow\">\n<p>Et si, au lieu d\u2019attendre d\u2019avoir du temps pour enfin prendre du temps, nous inversions la tendance ? Et si nous consacrions d\u00e9lib\u00e9r\u00e9ment du temps \u00e0 nourrir notre sens de l\u2019esth\u00e9tique et notre cr\u00e9ativit\u00e9 ?<br><br>C\u2019est exactement ce que vous propose <a href=\"https:\/\/www.linkedin.com\/in\/ACoAAFTsYj4BprYZ1yKOMFDHZ6Ea1lgMIchIVhI\"><\/a><a href=\"https:\/\/www.linkedin.com\/in\/helene-fiquet-delaunay-2261a4339\/\">Helene FIQUET DELAUNAY<\/a>, art-th\u00e9rapeute et cr\u00e9atrice de l\u2019Atelier Sur Mesure. Un vendredi par mois, entre 16h30 et 19h, elle vous accueille pour cl\u00f4turer la semaine en beaut\u00e9 et en d\u00e9tente.<br><br>Au sein de cet espace bienveillant, H\u00e9l\u00e8ne vous guidera \u00e0 travers des propositions cr\u00e9atives pour explorer votre imaginaire et r\u00e9veiller l\u2019\u00e9tincelle artistique qui sommeille en vous.<\/p>\n\n\n\n<p>\u2728 Ce qui vous attend :<br>&#8211; Un moment rien que pour vous, loin du tumulte du quotidien.<br>&#8211; Du mat\u00e9riel fourni et des id\u00e9es farfelues pour lib\u00e9rer votre cr\u00e9ativit\u00e9.<br>&#8211; Aucune comp\u00e9tence artistique requise, juste l\u2019envie de se faire du bien.<br><br>Ne laissez plus votre cr\u00e9ativit\u00e9 attendre dans l\u2019ombre. Offrez vous ce temps pr\u00e9cieux pour vous reconnecter \u00e0 vous-m\u00eame et repartir l\u00e9ger. Nous avons h\u00e2te de vous accueillir ! \ud83c\udf08<\/p>\n\n\n\n<div class=\"wp-block-columns is-layout-flex wp-container-core-columns-is-layout-9d6595d7 wp-block-columns-is-layout-flex\">\n<div class=\"wp-block-column is-layout-flow wp-block-column-is-layout-flow\">\n<p class=\"has-white-color has-luminous-vivid-orange-background-color has-text-color has-background has-link-color wp-elements-1e5b216d2325bb70bfc4568e1672869b\"><strong>\ud83d\udcc5 Prochain atelier : Un vendredi par mois<br>\ud83d\udccd Lieu : Atelier Sur Mesure<br>\ud83d\udcb6 Tarif : 40\u20ac par atelier<br>\ud83d\udc65 Places limit\u00e9es \u00e0 8 personnes<br><br>\ud83d\udcde Inscriptions et infos : 06 86 71 19 99<\/strong><\/p>\n<\/div>\n\n\n\n<div class=\"wp-block-column is-layout-flow wp-block-column-is-layout-flow\">\n<p class=\"has-white-color has-vivid-red-background-color has-text-color has-background has-link-color has-medium-font-size wp-elements-5c9a2c8442cb35b146a1f998ec4b9f7a\"><strong>PROCHAIN ATELIER : <\/strong><\/p>\n\n\n\n<p class=\"has-white-color has-vivid-red-background-color has-text-color has-background has-link-color has-medium-font-size wp-elements-007b6ec07802ec109bec177b880745aa\"><strong>VENDREDI 28 MARS<\/strong> <strong>16H30<\/strong><\/p>\n<\/div>\n<\/div>\n<\/div>\n<\/div>\n\n\n\n<div class=\"wp-block-columns is-layout-flex wp-container-core-columns-is-layout-9d6595d7 wp-block-columns-is-layout-flex\">\n<div class=\"wp-block-column is-layout-flow wp-block-column-is-layout-flow\"><\/div>\n\n\n\n<div class=\"wp-block-column is-layout-flow wp-block-column-is-layout-flow\"><\/div>\n<\/div>\n","protected":false},"excerpt":{"rendered":"<p>LES ATELIERS D&rsquo;EXPLORATION CREATIVE \ud83c\udf1f Et si vous preniez du temps pour vous, juste pour vous ? \ud83c\udf1f Focus sur nos ateliers d\u2019exploration cr\u00e9ative. Dans&hellip;<\/p>\n","protected":false},"author":1,"featured_media":0,"parent":0,"menu_order":0,"comment_status":"closed","ping_status":"closed","template":"","meta":{"footnotes":""},"class_list":["post-297","page","type-page","status-publish","hentry"],"_links":{"self":[{"href":"https:\/\/hfd-art-therapie.fr\/index.php\/wp-json\/wp\/v2\/pages\/297","targetHints":{"allow":["GET"]}}],"collection":[{"href":"https:\/\/hfd-art-therapie.fr\/index.php\/wp-json\/wp\/v2\/pages"}],"about":[{"href":"https:\/\/hfd-art-therapie.fr\/index.php\/wp-json\/wp\/v2\/types\/page"}],"author":[{"embeddable":true,"href":"https:\/\/hfd-art-therapie.fr\/index.php\/wp-json\/wp\/v2\/users\/1"}],"replies":[{"embeddable":true,"href":"https:\/\/hfd-art-therapie.fr\/index.php\/wp-json\/wp\/v2\/comments?post=297"}],"version-history":[{"count":2,"href":"https:\/\/hfd-art-therapie.fr\/index.php\/wp-json\/wp\/v2\/pages\/297\/revisions"}],"predecessor-version":[{"id":400,"href":"https:\/\/hfd-art-therapie.fr\/index.php\/wp-json\/wp\/v2\/pages\/297\/revisions\/400"}],"wp:attachment":[{"href":"https:\/\/hfd-art-therapie.fr\/index.php\/wp-json\/wp\/v2\/media?parent=297"}],"curies":[{"name":"wp","href":"https:\/\/api.w.org\/{rel}","templated":true}]}}