{"id":296,"date":"2025-03-18T17:53:09","date_gmt":"2025-03-18T16:53:09","guid":{"rendered":"https:\/\/hfd-art-therapie.fr\/?page_id=296"},"modified":"2025-03-24T14:55:34","modified_gmt":"2025-03-24T13:55:34","slug":"en-individuel","status":"publish","type":"page","link":"https:\/\/hfd-art-therapie.fr\/index.php\/en-individuel\/","title":{"rendered":"EN INDIVIDUEL"},"content":{"rendered":"\n<div class=\"wp-block-columns is-layout-flex wp-container-core-columns-is-layout-9d6595d7 wp-block-columns-is-layout-flex\">\n<div class=\"wp-block-column has-black-color has-white-background-color has-text-color has-background has-link-color wp-elements-4f87292d9d44a01c5d38cafc5dd274f8 is-layout-flow wp-block-column-is-layout-flow\">\n<p class=\"has-text-align-left has-white-color has-luminous-vivid-orange-background-color has-text-color has-background has-link-color has-medium-font-size wp-elements-9d863bab74aed60304f9ae5374db5d31\"><strong>ART-THERAPIE ADOS ET ADULTES<\/strong><\/p>\n\n\n\n<div class=\"wp-block-columns is-layout-flex wp-container-core-columns-is-layout-9d6595d7 wp-block-columns-is-layout-flex\">\n<div class=\"wp-block-column is-layout-flow wp-block-column-is-layout-flow\">\n<p class=\"has-text-align-left\">Les s\u00e9ances propos\u00e9es par H\u00e9l\u00e8ne Fiquet Delaunay s&rsquo;adressent \u00e0 toute personne qui se sent en difficult\u00e9 dans son quotidien et qui peine \u00e0 trouver les moyens de reconqu\u00eate de son \u00e9panouissement. Le processus cr\u00e9atif se met alors au service du soin et facilite l&rsquo;expression, le dialogue avec soi-m\u00eame et\/ou les relations aux autres.<\/p>\n\n\n\n<p><\/p>\n\n\n\n<figure class=\"wp-block-image size-large\"><img loading=\"lazy\" decoding=\"async\" width=\"1024\" height=\"614\" src=\"https:\/\/hfd-art-therapie.fr\/wp-content\/uploads\/2023\/03\/DSCF6439-1024x614.jpg\" alt=\"\" class=\"wp-image-187\" srcset=\"https:\/\/hfd-art-therapie.fr\/wp-content\/uploads\/2023\/03\/DSCF6439-1024x614.jpg 1024w, https:\/\/hfd-art-therapie.fr\/wp-content\/uploads\/2023\/03\/DSCF6439-300x180.jpg 300w, https:\/\/hfd-art-therapie.fr\/wp-content\/uploads\/2023\/03\/DSCF6439-768x461.jpg 768w, https:\/\/hfd-art-therapie.fr\/wp-content\/uploads\/2023\/03\/DSCF6439-1536x921.jpg 1536w, https:\/\/hfd-art-therapie.fr\/wp-content\/uploads\/2023\/03\/DSCF6439-2048x1229.jpg 2048w\" sizes=\"auto, (max-width: 1024px) 100vw, 1024px\" \/><\/figure>\n<\/div>\n\n\n\n<div class=\"wp-block-column is-layout-flow wp-block-column-is-layout-flow\">\n<figure class=\"wp-block-image size-large\"><img loading=\"lazy\" decoding=\"async\" width=\"1024\" height=\"614\" src=\"https:\/\/hfd-art-therapie.fr\/wp-content\/uploads\/2025\/03\/DSCF6716-1024x614.jpg\" alt=\"\" class=\"wp-image-365\" srcset=\"https:\/\/hfd-art-therapie.fr\/wp-content\/uploads\/2025\/03\/DSCF6716-1024x614.jpg 1024w, https:\/\/hfd-art-therapie.fr\/wp-content\/uploads\/2025\/03\/DSCF6716-300x180.jpg 300w, https:\/\/hfd-art-therapie.fr\/wp-content\/uploads\/2025\/03\/DSCF6716-768x461.jpg 768w, https:\/\/hfd-art-therapie.fr\/wp-content\/uploads\/2025\/03\/DSCF6716-1536x921.jpg 1536w, https:\/\/hfd-art-therapie.fr\/wp-content\/uploads\/2025\/03\/DSCF6716-2048x1229.jpg 2048w\" sizes=\"auto, (max-width: 1024px) 100vw, 1024px\" \/><\/figure>\n\n\n\n<p><strong>Dur\u00e9e d&rsquo;une s\u00e9ance : environ 1h<\/strong><\/p>\n\n\n\n<p><strong>Honoraires : 65\u20ac<\/strong><\/p>\n\n\n\n<p><strong>Uniquement sur RDV au 06 86 71 19 99<\/strong><\/p>\n\n\n\n<p><strong>Atelier Sur Mesure &#8211; 165, rue du Ch\u00e2teau d&rsquo;eau 27370 Mandeville<\/strong><\/p>\n<\/div>\n<\/div>\n\n\n\n<p class=\"has-text-align-left has-black-color has-text-color has-link-color has-small-font-size wp-elements-ed4c35b92871abe89c4be8da180f2dc1\"><\/p>\n<\/div>\n<\/div>\n\n\n\n<div class=\"wp-block-columns is-layout-flex wp-container-core-columns-is-layout-9d6595d7 wp-block-columns-is-layout-flex\">\n<div class=\"wp-block-column has-white-background-color has-background is-layout-flow wp-block-column-is-layout-flow\">\n<p class=\"has-text-align-left has-white-color has-vivid-red-background-color has-text-color has-background has-link-color has-medium-font-size wp-elements-0e8d0d770256747a272f62c205f3e060\"><strong>THERAPIE DE FAMILLE ET DE COUPLE<\/strong><\/p>\n\n\n\n<p class=\"has-black-color has-white-background-color has-text-color has-background has-link-color wp-elements-c24a151075a7f5aab4b4bb2f81783b58\">Les s\u00e9ances propos\u00e9es par Xavier Delaunay s&rsquo;adressent aux familles et\/ou aux couples qui<\/p>\n\n\n\n<p class=\"has-black-color has-white-background-color has-text-color has-background has-link-color wp-elements-f5d25dcc4f7a79a7b659f6ee75f45975\">Dur\u00e9e d&rsquo;une s\u00e9ance : environ 1,5 h<\/p>\n\n\n\n<p class=\"has-black-color has-white-background-color has-text-color has-background has-link-color wp-elements-11c466eb656cc089d45dfdae57f0ee73\">Honoraires : 80\u20ac pour les couoles et 100\u20ac pour les familles<\/p>\n\n\n\n<p class=\"has-black-color has-white-background-color has-text-color has-background has-link-color wp-elements-bcda285ccc7fb5f17e426faf8f47cdfd\">Uniquement sur RDV au 06 58 33 87 00<\/p>\n<\/div>\n<\/div>\n","protected":false},"excerpt":{"rendered":"<p>ART-THERAPIE ADOS ET ADULTES Les s\u00e9ances propos\u00e9es par H\u00e9l\u00e8ne Fiquet Delaunay s&rsquo;adressent \u00e0 toute personne qui se sent en difficult\u00e9 dans son quotidien et qui&hellip;<\/p>\n","protected":false},"author":1,"featured_media":0,"parent":0,"menu_order":0,"comment_status":"closed","ping_status":"closed","template":"","meta":{"footnotes":""},"class_list":["post-296","page","type-page","status-publish","hentry"],"_links":{"self":[{"href":"https:\/\/hfd-art-therapie.fr\/index.php\/wp-json\/wp\/v2\/pages\/296","targetHints":{"allow":["GET"]}}],"collection":[{"href":"https:\/\/hfd-art-therapie.fr\/index.php\/wp-json\/wp\/v2\/pages"}],"about":[{"href":"https:\/\/hfd-art-therapie.fr\/index.php\/wp-json\/wp\/v2\/types\/page"}],"author":[{"embeddable":true,"href":"https:\/\/hfd-art-therapie.fr\/index.php\/wp-json\/wp\/v2\/users\/1"}],"replies":[{"embeddable":true,"href":"https:\/\/hfd-art-therapie.fr\/index.php\/wp-json\/wp\/v2\/comments?post=296"}],"version-history":[{"count":8,"href":"https:\/\/hfd-art-therapie.fr\/index.php\/wp-json\/wp\/v2\/pages\/296\/revisions"}],"predecessor-version":[{"id":389,"href":"https:\/\/hfd-art-therapie.fr\/index.php\/wp-json\/wp\/v2\/pages\/296\/revisions\/389"}],"wp:attachment":[{"href":"https:\/\/hfd-art-therapie.fr\/index.php\/wp-json\/wp\/v2\/media?parent=296"}],"curies":[{"name":"wp","href":"https:\/\/api.w.org\/{rel}","templated":true}]}}