{"id":294,"date":"2025-03-18T17:53:09","date_gmt":"2025-03-18T16:53:09","guid":{"rendered":"https:\/\/hfd-art-therapie.fr\/?page_id=294"},"modified":"2025-12-02T16:57:53","modified_gmt":"2025-12-02T15:57:53","slug":"theatre-forum","status":"publish","type":"page","link":"https:\/\/hfd-art-therapie.fr\/index.php\/theatre-forum\/","title":{"rendered":"THEATRE FORUM"},"content":{"rendered":"\n<figure class=\"wp-block-pullquote has-border-color has-vivid-red-border-color has-small-font-size\" style=\"border-width:2px\"><blockquote><p>Qu&rsquo;est-ce donc que le th\u00e9\u00e2tre ? Le th\u00e9\u00e2tre est la capacit\u00e9 qu&rsquo;ont les \u00eatres humains de s&rsquo;observer eux-m\u00eames en action. <br>Les humains sont capables de se voir dans l&rsquo;acte de voir, capables de penser leurs \u00e9motions, d&rsquo;\u00eatre \u00e9mus par leurs pens\u00e9es. Ils peuvent se voir ici et s&rsquo;imaginer l\u00e0-bas; se voir comme ils sont aujourd&rsquo;hui et imaginer comment ils seront demain.<\/p><cite>Augusto boal, fondateur du theatre de l&rsquo;opprime<\/cite><\/blockquote><\/figure>\n\n\n\n<div class=\"wp-block-columns is-layout-flex wp-container-core-columns-is-layout-9d6595d7 wp-block-columns-is-layout-flex\">\n<div class=\"wp-block-column is-layout-flow wp-block-column-is-layout-flow\">\n<figure class=\"wp-block-image size-large\"><img loading=\"lazy\" decoding=\"async\" width=\"1024\" height=\"614\" src=\"https:\/\/hfd-art-therapie.fr\/wp-content\/uploads\/2023\/03\/DSCF6421-1024x614.jpg\" alt=\"\" class=\"wp-image-185\" srcset=\"https:\/\/hfd-art-therapie.fr\/wp-content\/uploads\/2023\/03\/DSCF6421-1024x614.jpg 1024w, https:\/\/hfd-art-therapie.fr\/wp-content\/uploads\/2023\/03\/DSCF6421-300x180.jpg 300w, https:\/\/hfd-art-therapie.fr\/wp-content\/uploads\/2023\/03\/DSCF6421-768x461.jpg 768w, https:\/\/hfd-art-therapie.fr\/wp-content\/uploads\/2023\/03\/DSCF6421-1536x921.jpg 1536w, https:\/\/hfd-art-therapie.fr\/wp-content\/uploads\/2023\/03\/DSCF6421-2048x1229.jpg 2048w\" sizes=\"auto, (max-width: 1024px) 100vw, 1024px\" \/><\/figure>\n<\/div>\n\n\n\n<div class=\"wp-block-column is-layout-flow wp-block-column-is-layout-flow\">\n<figure class=\"wp-block-image size-large\"><img loading=\"lazy\" decoding=\"async\" width=\"1024\" height=\"614\" src=\"https:\/\/hfd-art-therapie.fr\/wp-content\/uploads\/2023\/03\/DSCF6416-1024x614.jpg\" alt=\"\" class=\"wp-image-184\" srcset=\"https:\/\/hfd-art-therapie.fr\/wp-content\/uploads\/2023\/03\/DSCF6416-1024x614.jpg 1024w, https:\/\/hfd-art-therapie.fr\/wp-content\/uploads\/2023\/03\/DSCF6416-300x180.jpg 300w, https:\/\/hfd-art-therapie.fr\/wp-content\/uploads\/2023\/03\/DSCF6416-768x461.jpg 768w, https:\/\/hfd-art-therapie.fr\/wp-content\/uploads\/2023\/03\/DSCF6416-1536x921.jpg 1536w, https:\/\/hfd-art-therapie.fr\/wp-content\/uploads\/2023\/03\/DSCF6416-2048x1229.jpg 2048w\" sizes=\"auto, (max-width: 1024px) 100vw, 1024px\" \/><\/figure>\n<\/div>\n\n\n\n<div class=\"wp-block-column is-layout-flow wp-block-column-is-layout-flow\">\n<figure class=\"wp-block-image size-large\"><img loading=\"lazy\" decoding=\"async\" width=\"1024\" height=\"614\" src=\"https:\/\/hfd-art-therapie.fr\/wp-content\/uploads\/2023\/03\/DSCF6413-1024x614.jpg\" alt=\"\" class=\"wp-image-182\" srcset=\"https:\/\/hfd-art-therapie.fr\/wp-content\/uploads\/2023\/03\/DSCF6413-1024x614.jpg 1024w, https:\/\/hfd-art-therapie.fr\/wp-content\/uploads\/2023\/03\/DSCF6413-300x180.jpg 300w, https:\/\/hfd-art-therapie.fr\/wp-content\/uploads\/2023\/03\/DSCF6413-768x461.jpg 768w, https:\/\/hfd-art-therapie.fr\/wp-content\/uploads\/2023\/03\/DSCF6413-1536x921.jpg 1536w, https:\/\/hfd-art-therapie.fr\/wp-content\/uploads\/2023\/03\/DSCF6413-2048x1229.jpg 2048w\" sizes=\"auto, (max-width: 1024px) 100vw, 1024px\" \/><\/figure>\n<\/div>\n<\/div>\n\n\n\n<div class=\"wp-block-columns is-layout-flex wp-container-core-columns-is-layout-9d6595d7 wp-block-columns-is-layout-flex\">\n<div class=\"wp-block-column is-layout-flow wp-block-column-is-layout-flow\" style=\"flex-basis:100%\">\n<div class=\"wp-block-columns is-layout-flex wp-container-core-columns-is-layout-9d6595d7 wp-block-columns-is-layout-flex\">\n<div class=\"wp-block-column is-layout-flow wp-block-column-is-layout-flow\">\n<p class=\"has-white-color has-vivid-red-background-color has-text-color has-background has-link-color wp-elements-1b2f787b8d9f039a37ba5c7f53c26854\">Le d\u00e9but de l&rsquo;ann\u00e9e 2024 a vu na\u00eetre la compagnie professionnelle de Th\u00e9\u00e2tre Forum de l&rsquo;Atelier Sur Mesure. Quatre com\u00e9dien(nes) et un Joker se mettent en sc\u00e8ne pour \u00e9voquer, d\u00e9battre et \u00e9changer autour de probl\u00e9matiques soci\u00e9tales auxquelles il est bien difficile de donner une r\u00e9ponse toute faite. Tr\u00e8s loin des donneurs de le\u00e7on, la compagnie, insuffl\u00e9e par H\u00e9l\u00e8ne Fiquet Delaunay, com\u00e9dienne et art-th\u00e9rapeute, cherche \u00e0 ouvrir le dialogue dans un esprit convivial et dynamique. Elle s&rsquo;est form\u00e9e aupr\u00e8s du Th\u00e9\u00e2tre de l&rsquo;Opprim\u00e9 afin de garantir la s\u00e9curit\u00e9 de tous les participants du forum, les com\u00e9diens et le public.<\/p>\n<\/div>\n<\/div>\n\n\n\n<p>\ud83d\udd0d Et si vous abordiez vos probl\u00e9matiques d\u2019entreprise autrement ?<br>Vous \u00eates dirigeant, manager, ou RH ? Vous cherchez des id\u00e9es innovantes pour vos team buildings ou s\u00e9minaires d\u2019entreprise ?<\/p>\n\n\n\n<p>\ud83c\udfad La Troupe de l\u2019Atelier sur Mesure vous propose une exp\u00e9rience unique avec le th\u00e9\u00e2tre forum. Gr\u00e2ce \u00e0 cette m\u00e9thode participative, nous aidons vos \u00e9quipes \u00e0 explorer ensemble des sujets complexes, tout en favorisant la coh\u00e9sion et l&rsquo;engagement.<\/p>\n\n\n\n<p>\ud83d\ude80 Pourquoi choisir le th\u00e9\u00e2tre forum ?<\/p>\n\n\n\n<ul class=\"wp-block-list\">\n<li>Mettez vos collaborateurs au c\u0153ur de l\u2019action : devenez des \u00ab\u00a0spect-acteurs\u00a0\u00bb.<\/li>\n\n\n\n<li>Faites \u00e9merger des solutions collectives sur des th\u00e8mes comme le sexisme, l\u2019accueil patient, ou encore la pr\u00e9vention des risques professionnels*.<\/li>\n\n\n\n<li>Vivez des exp\u00e9riences immersives qui transforment les perceptions et les comportements.<\/li>\n<\/ul>\n\n\n\n<p>\ud83d\udca1 Imaginez les b\u00e9n\u00e9fices d\u2019une telle approche pour vos \u00e9quipes : favoriser le dialogue, d\u00e9samorcer les tensions, et renforcer l\u2019implication de chacun dans un cadre ludique et bienveillant.<\/p>\n\n\n\n<p>La compagnie de l&rsquo;Atelier Sur Mesure vous propose deux formats d&rsquo;intervention en th\u00e9\u00e2tre forum :<\/p>\n\n\n\n<hr class=\"wp-block-separator has-alpha-channel-opacity\"\/>\n\n\n\n<div class=\"wp-block-columns is-layout-flex wp-container-core-columns-is-layout-9d6595d7 wp-block-columns-is-layout-flex\">\n<div class=\"wp-block-column is-layout-flow wp-block-column-is-layout-flow\">\n<div class=\"wp-block-columns is-layout-flex wp-container-core-columns-is-layout-9d6595d7 wp-block-columns-is-layout-flex\">\n<div class=\"wp-block-column is-layout-flow wp-block-column-is-layout-flow\">\n<p class=\"has-text-align-center has-vivid-red-color has-text-color has-link-color has-medium-font-size wp-elements-9346efd77eba5182c4e763045be38d77\"><strong>LE THEATRE FORUM<\/strong><\/p>\n\n\n\n<p class=\"has-white-color has-vivid-red-background-color has-text-color has-background has-link-color wp-elements-3c726dc4341f3f7f5ac5b829d461cece\">Une repr\u00e9sentation th\u00e9\u00e2trale publique o\u00f9 le dialogue s&rsquo;installe entre la sc\u00e8ne et la salle. Apr\u00e8s concertation avec le mandataire, notre \u00e9quipe de com\u00e9diens \u00e9laborent un spectacle contenant trois ou quatre sc\u00e8nes abordant les probl\u00e9matiques vis\u00e9es. Le public est invit\u00e9 \u00e0 intervenir dans ces sc\u00e8nes passant de ce fait de \u00ab Spectateur \u00bb \u00e0 \u00ab Spect-Acteur \u00bb.<\/p>\n\n\n\n<div class=\"wp-block-columns is-layout-flex wp-container-core-columns-is-layout-9d6595d7 wp-block-columns-is-layout-flex\">\n<div class=\"wp-block-column is-layout-flow wp-block-column-is-layout-flow\" style=\"flex-basis:33.33%\">\n<figure class=\"wp-block-image size-full\"><img loading=\"lazy\" decoding=\"async\" width=\"800\" height=\"600\" src=\"https:\/\/hfd-art-therapie.fr\/wp-content\/uploads\/2025\/03\/FORUM1.jpeg\" alt=\"\" class=\"wp-image-337\" srcset=\"https:\/\/hfd-art-therapie.fr\/wp-content\/uploads\/2025\/03\/FORUM1.jpeg 800w, https:\/\/hfd-art-therapie.fr\/wp-content\/uploads\/2025\/03\/FORUM1-300x225.jpeg 300w, https:\/\/hfd-art-therapie.fr\/wp-content\/uploads\/2025\/03\/FORUM1-768x576.jpeg 768w\" sizes=\"auto, (max-width: 800px) 100vw, 800px\" \/><figcaption class=\"wp-element-caption\"><em>La compagnie de l&rsquo;Atelier Sur Mesure lors du Forum organis\u00e9 par la MGEN sur les violences sexistes au travail <\/em><\/figcaption><\/figure>\n<\/div>\n\n\n\n<div class=\"wp-block-column has-white-background-color has-background is-layout-flow wp-block-column-is-layout-flow\" style=\"flex-basis:66.66%\">\n<ul class=\"wp-block-list has-vivid-red-background-color has-background\">\n<li class=\"has-white-color has-vivid-red-background-color has-text-color has-background has-link-color wp-elements-b6b4a444f927a53246f5fb6d80667080\"><strong>Deux r\u00e9unions de pr\u00e9sentation et recueil d\u2019information<\/strong><\/li>\n\n\n\n<li class=\"has-white-color has-vivid-red-background-color has-text-color has-background has-link-color wp-elements-91e266dbb46181b80876c7491efbf45c\"><strong>Construction de 3 ou 4 sc\u00e8nes et proposition au mandataire<\/strong><\/li>\n\n\n\n<li class=\"has-white-color has-vivid-red-background-color has-text-color has-background has-link-color wp-elements-3c89ac30701d2df9bc0bec4dc6b882e5\"><strong>Conduite d&rsquo;un spectacle de th\u00e9\u00e2tre forum public avec un Joker et trois ou quatre com\u00e9diens professionnels<\/strong><\/li>\n\n\n\n<li class=\"has-white-color has-vivid-red-background-color has-text-color has-background has-link-color wp-elements-808660e84d250a08c1755b5b41de0f35\"><strong>TARIF : 2500 Euros<\/strong><\/li>\n<\/ul>\n<\/div>\n<\/div>\n<\/div>\n<\/div>\n<\/div>\n<\/div>\n\n\n\n<blockquote class=\"wp-block-quote is-layout-flow wp-block-quote-is-layout-flow\">\n<p class=\"has-black-color has-text-color has-link-color has-small-font-size wp-elements-96651f7ac24260c19e675be1f57260ac\">\u00ab Nous avons sollicit\u00e9 H\u00e9l\u00e8ne pour mettre en place un th\u00e9\u00e2tre forum pendant notre s\u00e9minaire annuel de service. Nous souhaitions en effet favoriser la coh\u00e9sion des \u00e9quipes et cr\u00e9er les conditions d\u2019une r\u00e9flexion collective pour am\u00e9liorer les pratiques d\u2019accompagnement des patients. Le th\u00e9\u00e2tre forum anim\u00e9 par H\u00e9l\u00e8ne FIQUET et sa troupe a \u00e9t\u00e9 une remarquable occasion d\u2019atteindre ces objectifs : dans un contexte d\u00e9tendu, convivial et parfois dr\u00f4le, les situations choisies et jou\u00e9es avec justesse et pr\u00e9cision nous ont permis d\u2019aborder les questions essentielles autour de la prise en soin. Les diff\u00e9rentes sayn\u00e8tes ont \u00e9t\u00e9 l\u2019occasion de discussions cliniques, mais \u00e9galement un vrai temps d\u2019\u00e9motions partag\u00e9es qui contribuent \u00e0 cr\u00e9er un environnement th\u00e9rapeutique favorable aux patients, en impliquant chaque acteur de l\u2019accompagnement de la secr\u00e9taire d\u2019accueil au m\u00e9decin sp\u00e9cialiste. Encore merci&nbsp;et&nbsp;bravo&nbsp;!                    <\/p>\n\n\n\n<p class=\"has-black-color has-text-color has-link-color has-small-font-size wp-elements-ee0701f58188919d63f21b48e688b608\">David Saint Vincent, Psychologue du service d&rsquo;addictologie du CHU  de Rouen<\/p>\n<\/blockquote>\n\n\n\n<hr class=\"wp-block-separator has-alpha-channel-opacity\"\/>\n<\/div>\n<\/div>\n\n\n\n<p class=\"has-text-align-center has-luminous-vivid-amber-color has-text-color has-link-color has-medium-font-size wp-elements-98d4cb0f66b2d7411f73fd4dcd397367\"><strong>L&rsquo;ATELIER FORUM<\/strong><\/p>\n\n\n\n<div class=\"wp-block-group\"><div class=\"wp-block-group__inner-container is-layout-constrained wp-block-group-is-layout-constrained\">\n<p class=\"has-text-align-center has-black-color has-luminous-vivid-amber-background-color has-text-color has-background has-link-color wp-elements-013efbc92d1f4ca09901b38563625728\">Une conduite de 3 ateliers de trois heures pour 8 \u00e0 15 personnes o\u00f9 s&rsquo;\u00e9labore la trame d&rsquo;un th\u00e9\u00e2tre forum. Les participants deviennent les acteurs du Forum. Selon les attentes du mandataire et les besoins du groupe, ces ateliers peuvent conduire ou non \u00e0 une repr\u00e9sentation publique.<\/p>\n<\/div><\/div>\n\n\n\n<p class=\"has-text-align-center has-black-color has-luminous-vivid-amber-background-color has-text-color has-background has-link-color wp-elements-30667c37a647ffcb5485937a1b2a1edf\">Il est aussi possible d\u2019imaginer un projet hybride qui croiserait la tenue d\u2019un th\u00e9\u00e2tre forum et un atelier d\u2019initiation \u00e0 la pratique<\/p>\n\n\n\n<div class=\"wp-block-columns is-layout-flex wp-container-core-columns-is-layout-9d6595d7 wp-block-columns-is-layout-flex\">\n<div class=\"wp-block-column is-layout-flow wp-block-column-is-layout-flow\">\n<div class=\"wp-block-columns is-layout-flex wp-container-core-columns-is-layout-9d6595d7 wp-block-columns-is-layout-flex\">\n<div class=\"wp-block-column is-layout-flow wp-block-column-is-layout-flow\" style=\"flex-basis:33.33%\">\n<figure class=\"wp-block-image size-large\"><img loading=\"lazy\" decoding=\"async\" width=\"1024\" height=\"791\" src=\"https:\/\/hfd-art-therapie.fr\/wp-content\/uploads\/2025\/03\/WhatsApp-Image-2025-03-19-a-17.42.05_4c0cccac-1024x791.jpg\" alt=\"\" class=\"wp-image-342\" srcset=\"https:\/\/hfd-art-therapie.fr\/wp-content\/uploads\/2025\/03\/WhatsApp-Image-2025-03-19-a-17.42.05_4c0cccac-1024x791.jpg 1024w, https:\/\/hfd-art-therapie.fr\/wp-content\/uploads\/2025\/03\/WhatsApp-Image-2025-03-19-a-17.42.05_4c0cccac-300x232.jpg 300w, https:\/\/hfd-art-therapie.fr\/wp-content\/uploads\/2025\/03\/WhatsApp-Image-2025-03-19-a-17.42.05_4c0cccac-768x593.jpg 768w, https:\/\/hfd-art-therapie.fr\/wp-content\/uploads\/2025\/03\/WhatsApp-Image-2025-03-19-a-17.42.05_4c0cccac-1536x1187.jpg 1536w, https:\/\/hfd-art-therapie.fr\/wp-content\/uploads\/2025\/03\/WhatsApp-Image-2025-03-19-a-17.42.05_4c0cccac.jpg 1737w\" sizes=\"auto, (max-width: 1024px) 100vw, 1024px\" \/><\/figure>\n<\/div>\n\n\n\n<div class=\"wp-block-column is-layout-flow wp-block-column-is-layout-flow\" style=\"flex-basis:66.66%\">\n<div class=\"wp-block-group\"><div class=\"wp-block-group__inner-container is-layout-constrained wp-block-group-is-layout-constrained\">\n<div class=\"wp-block-group has-white-color has-luminous-vivid-amber-background-color has-text-color has-background has-link-color wp-elements-b01216a1b2d19680640013e5c4350c75\"><div class=\"wp-block-group__inner-container is-layout-constrained wp-block-group-is-layout-constrained\">\n<ul class=\"wp-block-list\">\n<li class=\"has-black-color has-text-color has-link-color wp-elements-fadee1da2c2e3b6653c8ae4380c39cfa\"><strong>Deux r\u00e9unions de pr\u00e9sentation\/pr\u00e9paration<\/strong><\/li>\n\n\n\n<li class=\"has-black-color has-text-color has-link-color wp-elements-103a99e242a025dfc05d6dc7a51d4643\"><strong>Sensibilisation au th\u00e9\u00e2tre Forum<\/strong><\/li>\n\n\n\n<li class=\"has-black-color has-text-color has-link-color wp-elements-59c6f6fee002177bf95b2a2a7c5712fb\"><strong>Conduite d&rsquo;ateliers de 3 heures<\/strong><\/li>\n\n\n\n<li class=\"has-black-color has-text-color has-link-color wp-elements-c40d4e90fa2ac584b3f56b86c7b1e3fd\"><strong>Construction d&rsquo;un maquette de Th\u00e9\u00e2tre Forum<\/strong><\/li>\n\n\n\n<li class=\"has-black-color has-text-color has-link-color wp-elements-326339cfdc1cf0619d0d6f665f3582a3\"><strong>Conduite d&rsquo;un th\u00e9\u00e2tre Forum (optionnel)<\/strong><\/li>\n\n\n\n<li class=\"has-black-color has-text-color has-link-color wp-elements-2eca608a64bfd7ca11cf2cb35242d260\"><strong>TARIFS : 1500 Euros ( plus 300 Euros si Forum public )<\/strong><\/li>\n<\/ul>\n<\/div><\/div>\n<\/div><\/div>\n<\/div>\n<\/div>\n<\/div>\n<\/div>\n\n\n\n<p style=\"font-style:italic;font-weight:300\"><\/p>\n\n\n\n<blockquote class=\"wp-block-quote is-layout-flow wp-block-quote-is-layout-flow\">\n<p class=\"has-small-font-size\">Ma coll\u00e8gue et moi avons d\u00e9couvert le th\u00e9\u00e2tre forum dans le cadre de la formation par les pairs dans le m\u00e9tier d&rsquo;aide \u00e0 domicile .<br>Un peu surprise au d\u00e9part par la d\u00e9marche, nous avons acquis l&rsquo;exp\u00e9rience de faire passer des messages professionnels dans la d\u00e9tente et la bonne humeur. H\u00e9l\u00e8ne a \u00e9t\u00e9 un guide extraordinaire avec toute son \u00e9nergie et sa positivit\u00e9. <\/p>\n\n\n\n<p class=\"has-small-font-size\">\u00c9milie et Corine, Saad CCAS&nbsp;Bois-Guillaume<\/p>\n<\/blockquote>\n\n\n\n<p>\ud83d\udce9 Vous voulez en savoir plus ?<br>Contactez moi et construisons ensemble un atelier sur mesure, adapt\u00e9 \u00e0 vos besoins et \u00e0 vos enjeux !<\/p>\n\n\n\n<div class=\"wp-block-cover\"><img loading=\"lazy\" decoding=\"async\" width=\"2560\" height=\"1536\" class=\"wp-block-cover__image-background wp-image-165\" alt=\"\" src=\"https:\/\/hfd-art-therapie.fr\/wp-content\/uploads\/2023\/03\/DSCF6341-scaled.jpg\" data-object-fit=\"cover\" srcset=\"https:\/\/hfd-art-therapie.fr\/wp-content\/uploads\/2023\/03\/DSCF6341-scaled.jpg 2560w, https:\/\/hfd-art-therapie.fr\/wp-content\/uploads\/2023\/03\/DSCF6341-300x180.jpg 300w, https:\/\/hfd-art-therapie.fr\/wp-content\/uploads\/2023\/03\/DSCF6341-1024x614.jpg 1024w, https:\/\/hfd-art-therapie.fr\/wp-content\/uploads\/2023\/03\/DSCF6341-768x461.jpg 768w, https:\/\/hfd-art-therapie.fr\/wp-content\/uploads\/2023\/03\/DSCF6341-1536x921.jpg 1536w, https:\/\/hfd-art-therapie.fr\/wp-content\/uploads\/2023\/03\/DSCF6341-2048x1229.jpg 2048w\" sizes=\"auto, (max-width: 2560px) 100vw, 2560px\" \/><span aria-hidden=\"true\" class=\"wp-block-cover__background has-background-dim\" style=\"background-color:#7e7e7e\"><\/span><div class=\"wp-block-cover__inner-container is-layout-constrained wp-block-cover-is-layout-constrained\">\n<p><\/p>\n\n\n\n<p><\/p>\n\n\n\n<p><\/p>\n\n\n\n<p><\/p>\n\n\n\n<p><\/p>\n\n\n\n<p><\/p>\n\n\n\n<p class=\"has-text-align-right has-white-color has-text-color has-link-color has-x-large-font-size wp-elements-0bc4c93b21c9b98e9332dbb2bc50a50d\"><strong>06 86 71 19 99<\/strong><\/p>\n<\/div><\/div>\n\n\n\n<p><\/p>\n","protected":false},"excerpt":{"rendered":"<p>Qu&rsquo;est-ce donc que le th\u00e9\u00e2tre ? Le th\u00e9\u00e2tre est la capacit\u00e9 qu&rsquo;ont les \u00eatres humains de s&rsquo;observer eux-m\u00eames en action. Les humains sont capables de&hellip;<\/p>\n","protected":false},"author":1,"featured_media":0,"parent":0,"menu_order":0,"comment_status":"closed","ping_status":"closed","template":"","meta":{"footnotes":""},"class_list":["post-294","page","type-page","status-publish","hentry"],"_links":{"self":[{"href":"https:\/\/hfd-art-therapie.fr\/index.php\/wp-json\/wp\/v2\/pages\/294","targetHints":{"allow":["GET"]}}],"collection":[{"href":"https:\/\/hfd-art-therapie.fr\/index.php\/wp-json\/wp\/v2\/pages"}],"about":[{"href":"https:\/\/hfd-art-therapie.fr\/index.php\/wp-json\/wp\/v2\/types\/page"}],"author":[{"embeddable":true,"href":"https:\/\/hfd-art-therapie.fr\/index.php\/wp-json\/wp\/v2\/users\/1"}],"replies":[{"embeddable":true,"href":"https:\/\/hfd-art-therapie.fr\/index.php\/wp-json\/wp\/v2\/comments?post=294"}],"version-history":[{"count":15,"href":"https:\/\/hfd-art-therapie.fr\/index.php\/wp-json\/wp\/v2\/pages\/294\/revisions"}],"predecessor-version":[{"id":408,"href":"https:\/\/hfd-art-therapie.fr\/index.php\/wp-json\/wp\/v2\/pages\/294\/revisions\/408"}],"wp:attachment":[{"href":"https:\/\/hfd-art-therapie.fr\/index.php\/wp-json\/wp\/v2\/media?parent=294"}],"curies":[{"name":"wp","href":"https:\/\/api.w.org\/{rel}","templated":true}]}}