{"id":266,"date":"2025-02-14T13:38:07","date_gmt":"2025-02-14T12:38:07","guid":{"rendered":"https:\/\/hfd-art-therapie.fr\/?page_id=266"},"modified":"2025-05-21T17:55:56","modified_gmt":"2025-05-21T15:55:56","slug":"accueil","status":"publish","type":"page","link":"https:\/\/hfd-art-therapie.fr\/","title":{"rendered":"Accueil"},"content":{"rendered":"\n<p class=\"has-black-color has-luminous-vivid-amber-background-color has-text-color has-background has-link-color wp-elements-21c31e708d0a9f089aa449b9a8d9cf45\"><strong>L&rsquo;Atelier Sur Mesure est un lieu ouvert sur le soin et l&rsquo;am\u00e9lioration de nos relations et de nos vies gr\u00e2ce \u00e0 diff\u00e9rentes approches th\u00e9rapeutiques.<\/strong><\/p>\n\n\n\n<div class=\"wp-block-columns is-layout-flex wp-container-core-columns-is-layout-9d6595d7 wp-block-columns-is-layout-flex\">\n<div class=\"wp-block-column is-layout-flow wp-block-column-is-layout-flow\">\n<figure class=\"wp-block-image size-large\"><img loading=\"lazy\" decoding=\"async\" width=\"1024\" height=\"614\" src=\"https:\/\/hfd-art-therapie.fr\/wp-content\/uploads\/2023\/03\/DSCF6391-1-1024x614.jpg\" alt=\"\" class=\"wp-image-174\" srcset=\"https:\/\/hfd-art-therapie.fr\/wp-content\/uploads\/2023\/03\/DSCF6391-1-1024x614.jpg 1024w, https:\/\/hfd-art-therapie.fr\/wp-content\/uploads\/2023\/03\/DSCF6391-1-300x180.jpg 300w, https:\/\/hfd-art-therapie.fr\/wp-content\/uploads\/2023\/03\/DSCF6391-1-768x461.jpg 768w, https:\/\/hfd-art-therapie.fr\/wp-content\/uploads\/2023\/03\/DSCF6391-1-1536x921.jpg 1536w, https:\/\/hfd-art-therapie.fr\/wp-content\/uploads\/2023\/03\/DSCF6391-1-2048x1229.jpg 2048w\" sizes=\"auto, (max-width: 1024px) 100vw, 1024px\" \/><figcaption class=\"wp-element-caption\">ON ASSEMBLE LE TOUT ET ON REVIENT<\/figcaption><\/figure>\n\n\n\n<p class=\"has-text-align-center\">SITE EN CONSTRUCTION<\/p>\n<\/div>\n\n\n\n<div class=\"wp-block-column is-layout-flow wp-block-column-is-layout-flow\">\n<figure class=\"wp-block-image size-full\"><img loading=\"lazy\" decoding=\"async\" width=\"500\" height=\"500\" src=\"https:\/\/hfd-art-therapie.fr\/wp-content\/uploads\/2025\/03\/LOGO-ASM-Blanc.png\" alt=\"\" class=\"wp-image-353\" srcset=\"https:\/\/hfd-art-therapie.fr\/wp-content\/uploads\/2025\/03\/LOGO-ASM-Blanc.png 500w, https:\/\/hfd-art-therapie.fr\/wp-content\/uploads\/2025\/03\/LOGO-ASM-Blanc-300x300.png 300w, https:\/\/hfd-art-therapie.fr\/wp-content\/uploads\/2025\/03\/LOGO-ASM-Blanc-150x150.png 150w\" sizes=\"auto, (max-width: 500px) 100vw, 500px\" \/><\/figure>\n<\/div>\n<\/div>\n\n\n\n<div class=\"wp-block-buttons is-layout-flex wp-block-buttons-is-layout-flex\">\n<div class=\"wp-block-button has-custom-width wp-block-button__width-50\"><a class=\"wp-block-button__link has-vivid-red-background-color has-background has-small-font-size has-custom-font-size wp-element-button\" href=\"https:\/\/hfd-art-therapie.fr\/index.php\/theatre-forum\/\">Th\u00e9\u00e2tre Forum<\/a><\/div>\n\n\n\n<div class=\"wp-block-button has-custom-width wp-block-button__width-50\"><a class=\"wp-block-button__link has-pale-cyan-blue-background-color has-background has-small-font-size has-custom-font-size wp-element-button\">Art-th\u00e9rapie<\/a><\/div>\n\n\n\n<div class=\"wp-block-button has-custom-width wp-block-button__width-50 is-style-fill\"><a class=\"wp-block-button__link has-luminous-vivid-orange-background-color has-background has-small-font-size has-custom-font-size wp-element-button\">Psychoth\u00e9rapie<\/a><\/div>\n\n\n\n<div class=\"wp-block-button has-custom-width wp-block-button__width-50\"><a class=\"wp-block-button__link has-vivid-cyan-blue-background-color has-background has-small-font-size has-custom-font-size wp-element-button\">Th\u00e9rapie familiale et de couple<\/a><\/div>\n\n\n\n<div class=\"wp-block-button has-custom-width wp-block-button__width-50\"><a class=\"wp-block-button__link has-luminous-vivid-amber-background-color has-background has-small-font-size has-custom-font-size wp-element-button\">Di\u00e9t\u00e9tique<\/a><\/div>\n<\/div>\n\n\n\n<p><\/p>\n","protected":false},"excerpt":{"rendered":"<p>L&rsquo;Atelier Sur Mesure est un lieu ouvert sur le soin et l&rsquo;am\u00e9lioration de nos relations et de nos vies gr\u00e2ce \u00e0 diff\u00e9rentes approches th\u00e9rapeutiques. SITE&hellip;<\/p>\n","protected":false},"author":1,"featured_media":170,"parent":0,"menu_order":0,"comment_status":"closed","ping_status":"closed","template":"","meta":{"footnotes":""},"class_list":["post-266","page","type-page","status-publish","has-post-thumbnail","hentry"],"_links":{"self":[{"href":"https:\/\/hfd-art-therapie.fr\/index.php\/wp-json\/wp\/v2\/pages\/266","targetHints":{"allow":["GET"]}}],"collection":[{"href":"https:\/\/hfd-art-therapie.fr\/index.php\/wp-json\/wp\/v2\/pages"}],"about":[{"href":"https:\/\/hfd-art-therapie.fr\/index.php\/wp-json\/wp\/v2\/types\/page"}],"author":[{"embeddable":true,"href":"https:\/\/hfd-art-therapie.fr\/index.php\/wp-json\/wp\/v2\/users\/1"}],"replies":[{"embeddable":true,"href":"https:\/\/hfd-art-therapie.fr\/index.php\/wp-json\/wp\/v2\/comments?post=266"}],"version-history":[{"count":8,"href":"https:\/\/hfd-art-therapie.fr\/index.php\/wp-json\/wp\/v2\/pages\/266\/revisions"}],"predecessor-version":[{"id":401,"href":"https:\/\/hfd-art-therapie.fr\/index.php\/wp-json\/wp\/v2\/pages\/266\/revisions\/401"}],"wp:featuredmedia":[{"embeddable":true,"href":"https:\/\/hfd-art-therapie.fr\/index.php\/wp-json\/wp\/v2\/media\/170"}],"wp:attachment":[{"href":"https:\/\/hfd-art-therapie.fr\/index.php\/wp-json\/wp\/v2\/media?parent=266"}],"curies":[{"name":"wp","href":"https:\/\/api.w.org\/{rel}","templated":true}]}}