{"id":261,"date":"2025-02-14T13:28:05","date_gmt":"2025-02-14T12:28:05","guid":{"rendered":"https:\/\/hfd-art-therapie.fr\/?page_id=261"},"modified":"2025-05-21T18:27:51","modified_gmt":"2025-05-21T16:27:51","slug":"lequipe-de-latelier","status":"publish","type":"page","link":"https:\/\/hfd-art-therapie.fr\/index.php\/lequipe-de-latelier\/","title":{"rendered":"L&rsquo;\u00e9quipe de l&rsquo;Atelier"},"content":{"rendered":"\n<div class=\"wp-block-columns is-layout-flex wp-container-core-columns-is-layout-9d6595d7 wp-block-columns-is-layout-flex\">\n<div class=\"wp-block-column is-layout-flow wp-block-column-is-layout-flow\">\n<figure class=\"wp-block-image size-large is-resized is-style-default wp-duotone-unset-1\"><img loading=\"lazy\" decoding=\"async\" width=\"853\" height=\"1024\" src=\"https:\/\/hfd-art-therapie.fr\/wp-content\/uploads\/2023\/03\/DSCF6330-853x1024.jpg\" alt=\"\" class=\"wp-image-163\" style=\"width:327px;height:auto\" srcset=\"https:\/\/hfd-art-therapie.fr\/wp-content\/uploads\/2023\/03\/DSCF6330-853x1024.jpg 853w, https:\/\/hfd-art-therapie.fr\/wp-content\/uploads\/2023\/03\/DSCF6330-250x300.jpg 250w, https:\/\/hfd-art-therapie.fr\/wp-content\/uploads\/2023\/03\/DSCF6330-768x922.jpg 768w, https:\/\/hfd-art-therapie.fr\/wp-content\/uploads\/2023\/03\/DSCF6330-1280x1536.jpg 1280w, https:\/\/hfd-art-therapie.fr\/wp-content\/uploads\/2023\/03\/DSCF6330-1707x2048.jpg 1707w\" sizes=\"auto, (max-width: 853px) 100vw, 853px\" \/><\/figure>\n<\/div>\n\n\n\n<div class=\"wp-block-column is-layout-flow wp-block-column-is-layout-flow\">\n<p class=\"has-white-color has-luminous-vivid-amber-background-color has-text-color has-background has-link-color has-medium-font-size wp-elements-b7ddcbb9dd0cc989f44dbb6b917a0231\">HELENE FIQUET DELAUNAY<\/p>\n\n\n\n<p>A la personnalit\u00e9 curieuse et explorative, je suis d&rsquo;abord une artiste toujours pr\u00eate \u00e0 d\u00e9velopper de nouvelles comp\u00e9tences afin de les mettre au service du soin et de ma propre cr\u00e9ation.<\/p>\n\n\n\n<p><mark style=\"background-color:#ffffff\" class=\"has-inline-color has-black-color\">La danse , le th\u00e9\u00e2tre, la musique et plus particuli\u00e8rement le chant, l&rsquo;improvisation th\u00e9\u00e2trale et plus r\u00e9cemment l&rsquo;art du clown ont fait de moi une amoureuse du spectacle vivant, de la sc\u00e8ne et des coulisses. Et depuis plus de quinze ans le modelage, le dessin et la peinture viennent rythmer mes journ\u00e9es et mon exploration artistique<\/mark>.<\/p>\n<\/div>\n<\/div>\n\n\n\n<div class=\"wp-block-columns are-vertically-aligned-top is-layout-flex wp-container-core-columns-is-layout-9d6595d7 wp-block-columns-is-layout-flex\">\n<div class=\"wp-block-column is-vertically-aligned-top is-layout-flow wp-block-column-is-layout-flow\">\n<p>Depuis plus de vingt ans, j&rsquo;accompagne mes patients enfants et adultes dans l&rsquo;exploration de leur ressentis et \u00e0 la d\u00e9couverte d&rsquo;eux m\u00eames gr\u00e2ce au pouvoir cr\u00e9ateur inh\u00e9rent \u00e0 l&rsquo;\u00eatre humain. L&rsquo;art se met au service du soin dans une pratique r\u00e9fl\u00e9chie et contenante de l&rsquo;art-th\u00e9rapie.<\/p>\n\n\n\n<p>J&rsquo;exerce au sein de mon cabinet l&rsquo;Atelier sur Mesure ( Louviers, puis Crosville la Vieille et maintenant Mandeville), et au sein de nombreux \u00e9tablissements ( Psychiatrie, MAS, g\u00e9riatrie, addictologie, d\u00e9tention)<\/p>\n\n\n\n<p>Je d\u00e9veloppe d\u00e9sormais des programmes de formation et d&rsquo;exploration cr\u00e9ative \u00e0 destination des professionnels afin de les aider \u00e0 d\u00e9velopper de nouveaux outils d&rsquo;intervention.<\/p>\n\n\n\n<p>Et enfin, je suis responsable de la troupe de l&rsquo;Atelier Sur Mesure, troupe de Th\u00e9\u00e2tre Forum \u00e0 votre disposition pour aborder de mani\u00e8re ludique et participative vos probl\u00e9matiques.<\/p>\n<\/div>\n<\/div>\n\n\n\n<hr class=\"wp-block-separator has-alpha-channel-opacity\"\/>\n\n\n\n<div class=\"wp-block-columns is-layout-flex wp-container-core-columns-is-layout-9d6595d7 wp-block-columns-is-layout-flex\">\n<div class=\"wp-block-column is-layout-flow wp-block-column-is-layout-flow\"><\/div>\n\n\n\n<div class=\"wp-block-column is-layout-flow wp-block-column-is-layout-flow\">\n<p class=\"has-white-color has-luminous-vivid-amber-background-color has-text-color has-background has-link-color has-medium-font-size wp-elements-2c77baf20ce9498d19ffb913f46aa693\">MARIE FRANCE SCORDO<\/p>\n\n\n\n<p>Empathique et bienveillante, je suis une psychologue clinicienne souriante, \u00e9tayante et bavarde.<\/p>\n\n\n\n<p>Mes exp\u00e9riences institutionnelles pass\u00e9es intenses, en milieu carc\u00e9ral et en psychiatrie, m&rsquo;ont confront\u00e9es \u00e0 des r\u00e9alit\u00e9s plurielles qui ont renforc\u00e9 ma posture de tol\u00e9rance et de respect de la singularit\u00e9 de chacun.&nbsp;<\/p>\n<\/div>\n<\/div>\n\n\n\n<p>Depuis une quinzaine d&rsquo;ann\u00e9es, mon activit\u00e9 lib\u00e9rale consiste \u00e0 accompagner mes patients adolescents et adultes dans leur introspection. Ensemble, nous \u00e9valuons la port\u00e9e de leurs \u00e9v\u00e9nements de vie douloureux et les perspectives auxquelles ils ou elles aspirent.&nbsp;<\/p>\n\n\n\n<p>Le parcours th\u00e9rapeutique vise \u00e0 acc\u00e9der au soulagement des tensions ressenties et \u00e0 la mobilisation des ressources internes, dont chacun d&rsquo;entre nous dispose, pour atteindre des objectifs personnels r\u00e9alistes et \u00e9panouissants.&nbsp;<\/p>\n\n\n\n<p>Apr\u00e8s douze ann\u00e9es de pratique professionnelle \u00e0 Louviers, j&rsquo;exerce aujourd&rsquo;hui essentiellement \u00e0 Rouen mais toujours r\u00e9guli\u00e8rement \u00e0 Mandeville, \u00e0 raison d&rsquo;une journ\u00e9e par semaine.&nbsp;<\/p>\n\n\n\n<p>Je suis install\u00e9e au sein de l&rsquo;Atelier Sur Mesure d&rsquo;H\u00e9l\u00e8ne FIQUET-DELAUNAY, dans le bureau de Xavier DELAUNAY, au premier \u00e9tage de l&rsquo;Atelier d&rsquo;Art-th\u00e9rapiement&nbsp;v\u00f4tre de Virginie LESUEUR, \u00e9galement investi par Oph\u00e9lie LHOMME, di\u00e9t\u00e9ticienne nutritionniste.<\/p>\n\n\n\n<p>Notre joyeuse \u00e9quipe professionnelle, install\u00e9e \u00e0 cinq depuis janvier 2025, vous offre une palette de propositions dynamiques au service de votre BIEN-VIVRE.&nbsp;<\/p>\n\n\n\n<div class=\"wp-block-columns is-layout-flex wp-container-core-columns-is-layout-9d6595d7 wp-block-columns-is-layout-flex\">\n<div class=\"wp-block-column is-layout-flow wp-block-column-is-layout-flow\">\n<figure class=\"wp-block-image size-large\"><img loading=\"lazy\" decoding=\"async\" width=\"1024\" height=\"904\" src=\"https:\/\/hfd-art-therapie.fr\/wp-content\/uploads\/2025\/05\/Ophelie-Lhomme-1024x904.jpg\" alt=\"\" class=\"wp-image-404\" srcset=\"https:\/\/hfd-art-therapie.fr\/wp-content\/uploads\/2025\/05\/Ophelie-Lhomme-1024x904.jpg 1024w, https:\/\/hfd-art-therapie.fr\/wp-content\/uploads\/2025\/05\/Ophelie-Lhomme-300x265.jpg 300w, https:\/\/hfd-art-therapie.fr\/wp-content\/uploads\/2025\/05\/Ophelie-Lhomme-768x678.jpg 768w, https:\/\/hfd-art-therapie.fr\/wp-content\/uploads\/2025\/05\/Ophelie-Lhomme-1536x1356.jpg 1536w, https:\/\/hfd-art-therapie.fr\/wp-content\/uploads\/2025\/05\/Ophelie-Lhomme.jpg 2048w\" sizes=\"auto, (max-width: 1024px) 100vw, 1024px\" \/><\/figure>\n<\/div>\n\n\n\n<div class=\"wp-block-column is-layout-flow wp-block-column-is-layout-flow\">\n<p class=\"has-white-color has-luminous-vivid-amber-background-color has-text-color has-background has-link-color has-medium-font-size wp-elements-afc483be64bf4df7d8bac26f5388cb3d\">OPHELIE LHOMME<\/p>\n<\/div>\n<\/div>\n","protected":false},"excerpt":{"rendered":"<p>HELENE FIQUET DELAUNAY A la personnalit\u00e9 curieuse et explorative, je suis d&rsquo;abord une artiste toujours pr\u00eate \u00e0 d\u00e9velopper de nouvelles comp\u00e9tences afin de les mettre&hellip;<\/p>\n","protected":false},"author":1,"featured_media":0,"parent":0,"menu_order":0,"comment_status":"closed","ping_status":"closed","template":"","meta":{"footnotes":""},"class_list":["post-261","page","type-page","status-publish","hentry"],"_links":{"self":[{"href":"https:\/\/hfd-art-therapie.fr\/index.php\/wp-json\/wp\/v2\/pages\/261","targetHints":{"allow":["GET"]}}],"collection":[{"href":"https:\/\/hfd-art-therapie.fr\/index.php\/wp-json\/wp\/v2\/pages"}],"about":[{"href":"https:\/\/hfd-art-therapie.fr\/index.php\/wp-json\/wp\/v2\/types\/page"}],"author":[{"embeddable":true,"href":"https:\/\/hfd-art-therapie.fr\/index.php\/wp-json\/wp\/v2\/users\/1"}],"replies":[{"embeddable":true,"href":"https:\/\/hfd-art-therapie.fr\/index.php\/wp-json\/wp\/v2\/comments?post=261"}],"version-history":[{"count":7,"href":"https:\/\/hfd-art-therapie.fr\/index.php\/wp-json\/wp\/v2\/pages\/261\/revisions"}],"predecessor-version":[{"id":406,"href":"https:\/\/hfd-art-therapie.fr\/index.php\/wp-json\/wp\/v2\/pages\/261\/revisions\/406"}],"wp:attachment":[{"href":"https:\/\/hfd-art-therapie.fr\/index.php\/wp-json\/wp\/v2\/media?parent=261"}],"curies":[{"name":"wp","href":"https:\/\/api.w.org\/{rel}","templated":true}]}}